{"id":10068,"date":"2023-10-23T14:07:46","date_gmt":"2023-10-23T14:07:46","guid":{"rendered":"https:\/\/1solo.com\/?post_type=product&#038;p=10068"},"modified":"2025-02-13T16:33:13","modified_gmt":"2025-02-13T16:33:13","slug":"antisemitismo-fiamma-nirenstein-edizioni-rizzoli","status":"publish","type":"product","link":"https:\/\/1solo.com\/en\/prodotto\/antisemitismo-fiamma-nirenstein-edizioni-rizzoli\/","title":{"rendered":"Fiamma Nirenstein &#8211; Antisemitismo. &#8220;Gli antisemiti progressisti. La forma nuova di un odio antico&#8221; &#8211; Rizzoli ed."},"content":{"rendered":"<h2><strong>Fiamma Nirenstein &#8211; Antisemitismo. &#8220;Gli antisemiti progressisti. La forma nuova di un odio antico&#8221; &#8211; Rizzoli ed.<\/strong><\/h2>\n<p><span style=\"color: #000000\">Libro sull&#8217;antisemitismo di &#8220;sinistra&#8221; di Fiamma Nirenstein. Anno 2004. Libri di Politica su <strong><a href=\"https:\/\/1solo.com\/it\/store\/anticando\/\">Anticando<\/a><\/strong> &#8211; negozio su 1Solo.com Antiquariato e Vintage.<\/span><\/p>\n<p><span style=\"color: #000000\">Rilegato, ed. Rizzoli<\/span><\/p>\n<p><span style=\"color: #000000\">L&#8217;autrice ripercorre la sua esperienza personale e quella della generazione del Sessantotto per denunciare la comparsa di una nuova versione dell&#8217;odio verso gli ebrei: un antisemitismo &#8220;democratico&#8221;, di sinistra, che identifica Israele con l&#8217;Occidente imperialista e i palestinesi come vittime sacrificali di una politica di potenza. <\/span><\/p>\n<p><span style=\"color: #000000\">\u00c8 una visione distorta della realt\u00e0, che trascura il fatto che Israele, l&#8217;unica democrazia del Medio Oriente, \u00e8 minacciato dal terrorismo suicida e dall&#8217;odio di centinaia di milioni di arabi, che non hanno mai accettato la sua esistenza. Quando, in Europa, questo nuovo odio contro gli ebrei si fonde con i rigurgiti neonazisti e con il fondamentalismo musulmano, genera una miscela esplosiva che rischia di sconvolgere il continente.<\/span><\/p>\n","protected":false},"excerpt":{"rendered":"<h3><strong>Fiamma Nirenstein &#8211; Gli antisemiti progressisti. La forma nuova di un odio antico &#8211; Rizzoli &#8211; Prima Edizione<\/strong><\/h3>\n<p><span style=\"color: #000000\">L&#8217;autrice ripercorre la sua esperienza personale e quella della generazione del Sessantotto per denunciare la comparsa di una nuova versione dell&#8217;odio verso gli ebrei: un antisemitismo &#8220;democratico&#8221;, di sinistra, che identifica Israele con l&#8217;Occidente imperialista e i palestinesi come vittime sacrificali di una politica di potenza.<\/span><\/p>\n","protected":false},"featured_media":10090,"comment_status":"open","ping_status":"closed","template":"","meta":[],"product_brand":[],"product_cat":[182,2920],"product_tag":[2891,2893,2892,2894],"class_list":{"0":"post-10068","1":"product","2":"type-product","3":"status-publish","4":"has-post-thumbnail","6":"product_cat-libri-antichi-libri-rari-prime-edizioni-introvabili-su-1solo","7":"product_cat-saggi-di-politica-libro-di-politica-libro-sui-partiti-politici","8":"product_tag-antisemitismo","9":"product_tag-ebraismo","10":"product_tag-fiamma-nirenstein","11":"product_tag-sinistra","13":"first","14":"instock","15":"sale","16":"shipping-taxable","17":"purchasable","18":"product-type-simple"},"aioseo_notices":[],"_links":{"self":[{"href":"https:\/\/1solo.com\/en\/wp-json\/wp\/v2\/product\/10068","targetHints":{"allow":["GET"]}}],"collection":[{"href":"https:\/\/1solo.com\/en\/wp-json\/wp\/v2\/product"}],"about":[{"href":"https:\/\/1solo.com\/en\/wp-json\/wp\/v2\/types\/product"}],"replies":[{"embeddable":true,"href":"https:\/\/1solo.com\/en\/wp-json\/wp\/v2\/comments?post=10068"}],"wp:featuredmedia":[{"embeddable":true,"href":"https:\/\/1solo.com\/en\/wp-json\/wp\/v2\/media\/10090"}],"wp:attachment":[{"href":"https:\/\/1solo.com\/en\/wp-json\/wp\/v2\/media?parent=10068"}],"wp:term":[{"taxonomy":"product_brand","embeddable":true,"href":"https:\/\/1solo.com\/en\/wp-json\/wp\/v2\/product_brand?post=10068"},{"taxonomy":"product_cat","embeddable":true,"href":"https:\/\/1solo.com\/en\/wp-json\/wp\/v2\/product_cat?post=10068"},{"taxonomy":"product_tag","embeddable":true,"href":"https:\/\/1solo.com\/en\/wp-json\/wp\/v2\/product_tag?post=10068"}],"curies":[{"name":"wp","href":"https:\/\/api.w.org\/{rel}","templated":true}]}}