{"id":10099,"date":"2023-10-23T14:31:11","date_gmt":"2023-10-23T14:31:11","guid":{"rendered":"https:\/\/1solo.com\/?post_type=product&#038;p=10099"},"modified":"2025-02-13T16:30:38","modified_gmt":"2025-02-13T16:30:38","slug":"enzo-biagi-noi-ceravamo-mondadori-2-edizione","status":"publish","type":"product","link":"https:\/\/1solo.com\/en\/prodotto\/enzo-biagi-noi-ceravamo-mondadori-2-edizione\/","title":{"rendered":"Enzo Biagi &#8211; Noi c&#8217;eravamo &#8211; Mondadori &#8211; 2\u00b0 edizione"},"content":{"rendered":"<h2><strong>Enzo Biagi &#8211; Noi c&#8217;eravamo &#8211; Mondadori &#8211; 2\u00b0 edizione &#8211; i libri storici di <a href=\"https:\/\/1solo.com\/it\/store\/anticando\/\">Anticando<\/a><\/strong><\/h2>\n<p><span style=\"color: #000000\">Enzo Biagi libri storici sulle vicende della Seconda Guerra Mondiale.<\/span><\/p>\n<p><span style=\"color: #000000\">Mondadori editore<\/span><\/p>\n<p><span style=\"color: #000000\">Anni di <em>guerra<\/em>: Anni di <em>guerra<\/em>. 1939-1945-La seconda <em>guerra<\/em> mondiale. Parlano i protagonisti-1943. Un anno terribile che segn\u00f2 la storia d&#8217;Italia.<\/span><\/p>\n<p><span style=\"color: #000000\">Enzo Biagi. Noi c&#8217;eravamo.Milano, Rizzoli, 1990 &#8211; I. Saggio storico sulla Seconda Guerra mondiale raccontata da testimoni che l&#8217;hanno vissuta. Copertina cartonata con sovraccoperta.\u00a0<\/span><\/p>\n<p><span style=\"color: #000000\">Ezio Biagi: &#8220;Ci sono due categorie di uomini a me pi\u00f9 care &#8211; diceva il giornalista &#8211; gli operai e i partigiani&#8221;. Quando muore, nel 2007, ha appuntato sul petto il distintivo di Giustizia e libert\u00e0. Nell&#8217;aria risuona Bella Ciao. \u00c8 una delle cose a lui pi\u00f9 care: la memoria della Resistenza della quale aveva fatto parte. Era stato lui ad annunciare la liberazione di Bologna. Da quando era ragazzo fino all&#8217;ultimo giorno \u00e8 stato la voce della libert\u00e0<\/span><\/p>\n","protected":false},"excerpt":{"rendered":"<h3><strong>Enzo Biagi &#8211; Noi c&#8217;eravamo &#8211; Mondadori &#8211; 2\u00b0 edizione<\/strong><\/h3>\n<p><span style=\"color: #000000\">Enzo Biagi libro storico sulle vicende della Seconda Guerra Mondiale.<\/span><\/p>\n<p><span style=\"color: #000000\">Mondadori editore.<\/span><\/p>\n","protected":false},"featured_media":10069,"comment_status":"open","ping_status":"closed","template":"","meta":[],"product_brand":[],"product_cat":[182,2918],"product_tag":[2901,2904,2902,2903],"class_list":{"0":"post-10099","1":"product","2":"type-product","3":"status-publish","4":"has-post-thumbnail","6":"product_cat-libri-antichi-libri-rari-prime-edizioni-introvabili-su-1solo","7":"product_cat-libri-di-storia-libro-storico-libro-seconda-guerra-mondiale","8":"product_tag-enzo-biagi","9":"product_tag-libri-storici","10":"product_tag-libro-di-storia","11":"product_tag-seconda-guerra-monduale","13":"first","14":"instock","15":"sale","16":"shipping-taxable","17":"purchasable","18":"product-type-simple"},"aioseo_notices":[],"_links":{"self":[{"href":"https:\/\/1solo.com\/en\/wp-json\/wp\/v2\/product\/10099","targetHints":{"allow":["GET"]}}],"collection":[{"href":"https:\/\/1solo.com\/en\/wp-json\/wp\/v2\/product"}],"about":[{"href":"https:\/\/1solo.com\/en\/wp-json\/wp\/v2\/types\/product"}],"replies":[{"embeddable":true,"href":"https:\/\/1solo.com\/en\/wp-json\/wp\/v2\/comments?post=10099"}],"wp:featuredmedia":[{"embeddable":true,"href":"https:\/\/1solo.com\/en\/wp-json\/wp\/v2\/media\/10069"}],"wp:attachment":[{"href":"https:\/\/1solo.com\/en\/wp-json\/wp\/v2\/media?parent=10099"}],"wp:term":[{"taxonomy":"product_brand","embeddable":true,"href":"https:\/\/1solo.com\/en\/wp-json\/wp\/v2\/product_brand?post=10099"},{"taxonomy":"product_cat","embeddable":true,"href":"https:\/\/1solo.com\/en\/wp-json\/wp\/v2\/product_cat?post=10099"},{"taxonomy":"product_tag","embeddable":true,"href":"https:\/\/1solo.com\/en\/wp-json\/wp\/v2\/product_tag?post=10099"}],"curies":[{"name":"wp","href":"https:\/\/api.w.org\/{rel}","templated":true}]}}