{"id":10151,"date":"2023-10-25T15:34:12","date_gmt":"2023-10-25T15:34:12","guid":{"rendered":"https:\/\/1solo.com\/?post_type=product&#038;p=10151"},"modified":"2025-02-13T16:31:04","modified_gmt":"2025-02-13T16:31:04","slug":"the-army-storia-dell-esercito-usa","status":"publish","type":"product","link":"https:\/\/1solo.com\/en\/prodotto\/the-army-storia-dell-esercito-usa\/","title":{"rendered":"The Army &#8211; Storia dell&#8217;Esercito USA &#8211; Army Historical Foundation"},"content":{"rendered":"<h2><span style=\"color: #000000\"><strong>The Army &#8211; Storia dell&#8217;Esercito USA &#8211; Army Historical Foundation<\/strong><\/span><\/h2>\n<p><span style=\"color: #000000\">The Army &#8211; La Storia dell&#8217;Esercito USA in un prestigioso volume con copertina in pelle e rilievo in metallo con stemma dell&#8217;esercito statunitense.<\/span><\/p>\n<p><span style=\"color: #000000\">Edito dalla fondazione per la storia dell&#8217;esercito statunitense (<a title=\"Army Historical Foundation\" href=\"https:\/\/armyhistory.org\" target=\"_blank\" rel=\"noopener\">Army Historical Foundation<\/a>).<\/span><\/p>\n<p><span style=\"color: #000000\">Nel 1775, coloni determinati e arrabbiati presero le armi contro un nemico comune e le loro grida di battaglia segnarono la nascita dell&#8217;esercito degli Stati Uniti. L&#8217;esercito \u00e8 stato forgiato nel fuoco della rivoluzione, messo alla prova sui campi di battaglia continentali, martoriato sulle coste della Normandia e rafforzato sulle sabbie del Golfo Persico. Fin dalla sua prima resistenza a Lexington, l&#8217;esercito ha sempre avuto un contratto non negoziabile con il popolo americano per combattere e vincere le guerre della nazione.<\/span><\/p>\n<p><span style=\"color: #000000\">Ora, a oltre 225 anni dalla fondazione dell&#8217;Esercito Continentale, lo spirito e l&#8217;essenza dell&#8217;Esercito degli Stati Uniti vengono celebrati per la prima volta in un libro di grande formato, magnificamente illustrato, pubblicato con la Army Historical Foundation.<\/span><\/p>\n<p><span style=\"color: #000000\">Scritto da un team eccezionale, tra cui storici, autori ed esperti associati alla <strong>Army Historical Foundation<\/strong>, all&#8217;Accademia militare statunitense di <em><strong>West Point<\/strong><\/em>, allo <em><strong>United States Army War College<\/strong><\/em>, nonch\u00e9 a diversi illustri ufficiali dell&#8217;esercito in pensione, The Army ha oltre 350 pagine di testi avvincenti e informativi e storie dell&#8217;esperienza dell&#8217;Esercito. I saggi sulla storia dell&#8217;esercito americano e sui soldati di oggi si concentrano non solo sui carri armati, sugli elicotteri, sui veicoli e sulle armi, ma soprattutto sulle persone che fanno funzionare tutto. L&#8217;accurata incorporazione di fotografie a colori e vintage, ritratti, poster di reclutamento e dipinti di ispirazione storica completa il testo aggiungendo l&#8217;eccitazione che solo le illustrazioni spettacolari possono portare in un libro.<\/span><\/p>\n<p><span style=\"color: #000000\"><strong>The Army<\/strong> consente alla storia dell&#8217;esercito americano di essere custodita in modo permanente in un bellissimo pacchetto che ogni soldato sar\u00e0 orgoglioso di possedere e, con la sua esclusiva copertura con medaglione intarsiato, da mostrare. Questo libro verr\u00e0 letto pi\u00f9 e pi\u00f9 volte dai soldati passati e presenti, dalle loro famiglie e amici, e dagli innumerevoli altri che sono stati ispirati dalle imprese dell&#8217;esercito degli Stati Uniti.<\/span><\/p>\n<p><span style=\"color: #000000\">Scopri tutti i libri di storia su <a href=\"https:\/\/www.1solo.com\/it\/store\/anticando\">Anticando<\/a>!<\/span><\/p>\n","protected":false},"excerpt":{"rendered":"<p><span style=\"color: #000000\">La Storia dell&#8217;Esercito USA in un prestigioso volume decorato con stemma in rilievo, libro illustrato sulla storia dell&#8217;esercito americano.<\/span><\/p>\n","protected":false},"featured_media":10164,"comment_status":"open","ping_status":"closed","template":"","meta":[],"product_brand":[],"product_cat":[182,2918,344],"product_tag":[2927,2924,2902,2926,2925],"class_list":{"0":"post-10151","1":"product","2":"type-product","3":"status-publish","4":"has-post-thumbnail","6":"product_cat-libri-antichi-libri-rari-prime-edizioni-introvabili-su-1solo","7":"product_cat-libri-di-storia-libro-storico-libro-seconda-guerra-mondiale","8":"product_cat-libri-illustrati-illustrazioni-libro-usati","9":"product_tag-esercito","10":"product_tag-esercito-usa","11":"product_tag-libro-di-storia","12":"product_tag-militari","13":"product_tag-storia-dellesercito-usa","15":"first","16":"instock","17":"sale","18":"shipping-taxable","19":"purchasable","20":"product-type-simple"},"aioseo_notices":[],"_links":{"self":[{"href":"https:\/\/1solo.com\/en\/wp-json\/wp\/v2\/product\/10151","targetHints":{"allow":["GET"]}}],"collection":[{"href":"https:\/\/1solo.com\/en\/wp-json\/wp\/v2\/product"}],"about":[{"href":"https:\/\/1solo.com\/en\/wp-json\/wp\/v2\/types\/product"}],"replies":[{"embeddable":true,"href":"https:\/\/1solo.com\/en\/wp-json\/wp\/v2\/comments?post=10151"}],"wp:featuredmedia":[{"embeddable":true,"href":"https:\/\/1solo.com\/en\/wp-json\/wp\/v2\/media\/10164"}],"wp:attachment":[{"href":"https:\/\/1solo.com\/en\/wp-json\/wp\/v2\/media?parent=10151"}],"wp:term":[{"taxonomy":"product_brand","embeddable":true,"href":"https:\/\/1solo.com\/en\/wp-json\/wp\/v2\/product_brand?post=10151"},{"taxonomy":"product_cat","embeddable":true,"href":"https:\/\/1solo.com\/en\/wp-json\/wp\/v2\/product_cat?post=10151"},{"taxonomy":"product_tag","embeddable":true,"href":"https:\/\/1solo.com\/en\/wp-json\/wp\/v2\/product_tag?post=10151"}],"curies":[{"name":"wp","href":"https:\/\/api.w.org\/{rel}","templated":true}]}}