{"id":10206,"date":"2023-09-16T09:57:39","date_gmt":"2023-09-16T09:57:39","guid":{"rendered":"https:\/\/1solo.com\/?post_type=product&#038;p=10206"},"modified":"2025-02-13T16:37:25","modified_gmt":"2025-02-13T16:37:25","slug":"gianfranco-fini-ex-presidente-di-alleanza-nazionale-movimento-sociale-italiano-msi-europa","status":"publish","type":"product","link":"https:\/\/1solo.com\/en\/prodotto\/gianfranco-fini-ex-presidente-di-alleanza-nazionale-movimento-sociale-italiano-msi-europa\/","title":{"rendered":"Gianfranco Fini &#8211; ex Presidente di Alleanza Nazionale &#8211; saggio sull&#8217;Europa &#8211; Fazi Editore"},"content":{"rendered":"<h2><strong>Gianfranco Fini &#8211; ex Presidente di Alleanza Nazionale &#8211; &#8220;L&#8217;Europa che verr\u00e0&#8221; &#8211; saggio sull&#8217;Europa &#8211; Fazi Editore &#8211; Politica<\/strong><\/h2>\n<p><span style=\"color: #000000\">L&#8217;Europa Che Verr\u00e0 dell&#8217;Ex vicepresidente del Consiglio e leader di Alleanza Nazionale, Gianfranco Fini \u00e8 stato parlamentare dal 1983. Nel 1995 \u00e8 stato il protagonista della &#8220;svolta di Fiuggi&#8221; che ha &#8220;sdoganato&#8221; il Movimento Sociale Italiano (MSI) facendolo confluire nel partito di destra di Alleanza Nazionale, nuovo soggetto politico che ha visto la confluenza anche di esponenti della DC, del PSI, del PLI e di altri parlamentari provenienti di posizioni politiche differenti da quella del movimento sociale.<\/span><\/p>\n<p><span style=\"color: #000000\">Nel volume in cui <em><strong>Gianfranco Fini<\/strong> <\/em>tratta del tema del futuro dell&#8217;Europa:<\/span><\/p>\n<p><span style=\"color: #000000\"><strong>A cura di<em> Carlo Fusi<\/em><\/strong><\/span><br \/>\n<span style=\"color: #000000\"><strong>Prefazione di <em>Giuliano Amato<\/em><\/strong><\/span><\/p>\n<p><span style=\"color: #000000\">All\u2019inizio dei lavori della Convenzione Europea, Gianfranco Fini, rappresentante del governo italiano, veniva studiato con curiosit\u00e0 se non con timore, come possibile portatore di istanze \u201cantiunitarie\u201d e nazionaliste. Invece, il suo contributo alla stesura della bozza di Costituzione europea si \u00e8 rivelato \u2013 con sorpresa di molti \u2013 ispirato a un convinto europeismo. In questo libro, raccontando la sua esperienza di convenzionale, il vicepresidente del Consiglio esprime con chiarezza e decisione le sue opinioni su molti argomenti di cruciale importanza, fra cui: i rapporti tra la nuova Europa e gli Stati Uniti, visti nel segno di un nuovo \u201cmultilateralismo cooperativo\u201d; il significato e la portata del recente allargamento ai paesi dell\u2019Est; le relazioni fra UE e NATO; la necessit\u00e0 che l\u2019UE giunga presto a parlare con una voce unica in politica estera e di difesa; il rapporto fra il nazionalismo tradizionalmente attribuito alla destra italiana e l\u2019impegno comunitario del suo attuale leader; la dibattuta questione del riconoscimento costituzionale delle radici cristiane dell\u2019Europa; la regolazione dell\u2019immigrazione a livello nazionale e comunitario. Completano il libro una prefazione di <em>Giuliano Amato<\/em> \u2013 che mette in evidenza le impreviste e significative sintonie fra i convenzionali italiani \u2013 e una postfazione del curatore e intervistatore Carlo Fusi, che illumina gli aspetti principali del futuro assetto istituzionale dell\u2019Unione.<\/span><\/p>\n<div class=\"summary entry-summary\">\n<p class=\"product_title entry-title\"><span style=\"color: #000000\"><strong>L\u2019Europa che verr\u00e0 &#8211; Gianfranco Fini ex Presidente di Alleanza Nazionale e del Movimento Sociale Italiano MSI<\/strong><\/span><\/p>\n<\/div>\n<h4 class=\"mine margin_bottom_30\"><span style=\"color: #000000\">Il destino del continente e il ruolo dell&#8217;Italia nell&#8217;Europa<\/span><\/h4>\n<section class=\"scheda_tecnica row\">\n<div class=\"small-5 medium-3 columns\"><span style=\"color: #000000\">Collana: <\/span><span style=\"color: #000000\"><a style=\"color: #000000\" href=\"https:\/\/fazieditore.it\/collana\/le-terre\">Le terre<\/a><\/span><\/div>\n<div class=\"small-5 medium-3 columns\"><span style=\"color: #000000\">Pagine:<\/span><span style=\"color: #000000\">133<\/span><\/div>\n<div class=\"small-5 medium-3 columns\"><span style=\"color: #000000\">Codice ISBN:\u00a0<\/span><span style=\"color: #000000\">9788881124848<\/span><\/div>\n<div id=\"label-prezzo\" class=\"small-5 medium-3 columns\"><span style=\"color: #000000\">Prezzo originale:\u00a0<\/span><span style=\"color: #000000\">\u20ac 13,00<\/span><\/div>\n<div class=\"small-5 medium-3 columns\"><span style=\"color: #000000\">Codice ISBN ePub:\u00a0<\/span><span style=\"color: #000000\">9788876254826<\/span><\/div>\n<div class=\"small-5 medium-3 columns issue-date\"><span style=\"color: #000000\">Data pubblicazione:\u00a0<\/span><span style=\"color: #000000\">07-11-2003<\/span><\/div>\n<\/section>\n<p>&nbsp;<\/p>\n<p><span style=\"color: #000000\">Libri di Politica sul negozio di <a href=\"https:\/\/www.1solo.com\/it\/store\/anticando\">Anticando\u00a0<\/a>su 1Solo Vintage libri usati, libri di storia, libri antichi<\/span><\/p>\n","protected":false},"excerpt":{"rendered":"<h4><strong>Gianfranco Fini &#8211; ex Presidente di Alleanza Nazionale &#8211; saggio sull&#8217;Europa &#8211; Fazi Editore<\/strong><\/h4>\n<p><span style=\"color: #000000\">Ex vicepresidente del Consiglio e leader di Alleanza Nazionale, \u00e8 parlamentare dal 1983. Nel 1995 \u00e8 stato il protagonista della &#8220;svolta di Fiuggi&#8221;.<\/span><\/p>\n","protected":false},"featured_media":10187,"comment_status":"open","ping_status":"closed","template":"","meta":[],"product_brand":[],"product_cat":[182,2920],"product_tag":[2941,2942,2940,2943,2843,2944,2863,2867,2896],"class_list":{"0":"post-10206","1":"product","2":"type-product","3":"status-publish","4":"has-post-thumbnail","6":"product_cat-libri-antichi-libri-rari-prime-edizioni-introvabili-su-1solo","7":"product_cat-saggi-di-politica-libro-di-politica-libro-sui-partiti-politici","8":"product_tag-alleanza-nazionale","9":"product_tag-europa","10":"product_tag-gianfranco-fini","11":"product_tag-giuliano-amato","12":"product_tag-libro-usato","13":"product_tag-movimento-sociale-italiano","14":"product_tag-msi","15":"product_tag-politica","16":"product_tag-saggi-di-politica","18":"first","19":"instock","20":"shipping-taxable","21":"purchasable","22":"product-type-simple"},"aioseo_notices":[],"_links":{"self":[{"href":"https:\/\/1solo.com\/en\/wp-json\/wp\/v2\/product\/10206","targetHints":{"allow":["GET"]}}],"collection":[{"href":"https:\/\/1solo.com\/en\/wp-json\/wp\/v2\/product"}],"about":[{"href":"https:\/\/1solo.com\/en\/wp-json\/wp\/v2\/types\/product"}],"replies":[{"embeddable":true,"href":"https:\/\/1solo.com\/en\/wp-json\/wp\/v2\/comments?post=10206"}],"wp:featuredmedia":[{"embeddable":true,"href":"https:\/\/1solo.com\/en\/wp-json\/wp\/v2\/media\/10187"}],"wp:attachment":[{"href":"https:\/\/1solo.com\/en\/wp-json\/wp\/v2\/media?parent=10206"}],"wp:term":[{"taxonomy":"product_brand","embeddable":true,"href":"https:\/\/1solo.com\/en\/wp-json\/wp\/v2\/product_brand?post=10206"},{"taxonomy":"product_cat","embeddable":true,"href":"https:\/\/1solo.com\/en\/wp-json\/wp\/v2\/product_cat?post=10206"},{"taxonomy":"product_tag","embeddable":true,"href":"https:\/\/1solo.com\/en\/wp-json\/wp\/v2\/product_tag?post=10206"}],"curies":[{"name":"wp","href":"https:\/\/api.w.org\/{rel}","templated":true}]}}