{"id":14488,"date":"2023-11-09T14:32:45","date_gmt":"2023-11-09T14:32:45","guid":{"rendered":"https:\/\/1solo.com\/product\/credenza-scrittoio-ribalta-rovere-massello-xix-secolo-restaurata-ottocento\/"},"modified":"2023-12-01T00:00:10","modified_gmt":"2023-12-01T00:00:10","slug":"credenza-scrittoio-ribalta-rovere-massello-xix-secolo-restaurata-ottocento","status":"publish","type":"product","link":"https:\/\/1solo.com\/en\/prodotto\/credenza-scrittoio-ribalta-rovere-massello-xix-secolo-restaurata-ottocento\/","title":{"rendered":"Credenza scrittoio ribalta rovere massello XIX secolo restaurata ottocento"},"content":{"rendered":"<p><span style=\"color: #12262f;font-family: Montserrat, sans-serif;font-size: 16px;background-color: #f1f3f4\">Mobile in due corpi costituito da uno scrittoio a ribalta con cassetti nella parte inferiore e una credenza con due cassetti nella parte superiore. <\/span><\/p>\n<p><span style=\"color: #12262f;font-family: Montserrat, sans-serif;font-size: 16px;background-color: #f1f3f4\">Realizzato in noce massello, interni in rovere massello e acero utilizzato per lo scompartimento interno allo scrittoio a ribalta. I due cassetti superiori non possono essere aperti se non viene aperta la ribalta e estratti i cassetti all&#8217;interno della stessa. Infatti all&#8217;interno della struttura dei cassetti c&#8217;\u00e8 un meccanismo con un supporto in metallo che se spinto verso l&#8217;alto libera il cassetto superiore che quindi pu\u00f2 essere aperto. Naturalmente se la ribalta \u00e8 chiusa non si pu\u00f2 accedere ai due cassetti superiori. Questo mobile credenza\u00a0\u00e8 multifunzionale e accessoriato dalla linea semplice e sobria<\/span><\/p>\n<p>Dimensioni:<br \/>\nAltezza<\/p>\n<div id=\"product-height\">\n<div>\n<div>185 cm<\/div>\n<\/div>\n<\/div>\n<div id=\"product-diameter\">\n<div>\n<div id=\"dom-id-60\"><\/div>\n<\/div>\n<\/div>\n<div id=\"product-width\">\n<div>\n<div id=\"dom-id-59\">Larghezza<\/div>\n<div>90 cm<\/div>\n<\/div>\n<\/div>\n<div id=\"product-depth\">\n<div>\n<div id=\"dom-id-58\">Profondit\u00e0<\/div>\n<div id=\"dom-id-56\">55<span id=\"dom-id-57\"> cm<\/span><\/div>\n<\/div>\n<\/div>\n","protected":false},"excerpt":{"rendered":"<p><span style=\"color: #12262f;font-family: Montserrat, sans-serif;font-size: 16px;background-color: #f1f3f4\">Mobile in due corpi costituito da uno scrittoio a ribalta con cassetti nella parte inferiore e una credenza con due cassetti nella parte superiore.<\/span><\/p>\n<p><span style=\"color: #12262f;font-family: Montserrat, sans-serif;font-size: 16px;background-color: #f1f3f4\">Realizzato in noce massello, interni in rovere massello e acero utilizzato per lo scompartimento interno allo scrittoio a ribalta. I due cassetti superiori non possono essere aperti se non viene aperta la ribalta e estratti i cassetti all&#8217;interno della stessa. Infatti all&#8217;interno della struttura dei cassetti c&#8217;\u00e8 un meccanismo con un supporto in metallo che se spinto verso l&#8217;alto libera il cassetto superiore che quindi pu\u00f2 essere aperto. Naturalmente se la ribalta \u00e8 chiusa non si pu\u00f2 accedere ai due cassetti superiori. Questo mobile credenza \u00e8 multifunzionale e accessoriato dalla linea semplice e sobria<\/span><\/p>\n","protected":false},"featured_media":12898,"comment_status":"open","ping_status":"closed","template":"","meta":[],"product_brand":[],"product_cat":[186,315,316,328,323],"product_tag":[3114,3115,2497,3018,3019,3020,3021,3024,3025,3026,3027,3040,3041,3042,3033,3049,3034,3035,2995,2632,3037,1487,3038,3081,3070,3116,3119],"class_list":{"0":"post-14488","1":"product","2":"type-product","3":"status-publish","4":"has-post-thumbnail","6":"product_cat-arredamento-complementi-arredo-vintage-modernariato","7":"product_cat-consolle-e-ribaltine","8":"product_cat-credenze-vintage-e-credenza-depoca","9":"product_cat-oggetti-di-design-modernariato-design-antiquariato","10":"product_cat-vetrine-antiche-antiquariato-vetrinate-modernariato","11":"product_tag-armadietto-secretaire","12":"product_tag-armadio-secretaire","13":"product_tag-cassettiera-it","14":"product_tag-cassettiera-antica","15":"product_tag-cassettiera-in-legno","16":"product_tag-cassettiera-in-legno-di-noce","17":"product_tag-cassettiera-in-legno-rustico","18":"product_tag-cassettiera-segreta","19":"product_tag-cassettiera-vintage","20":"product_tag-cassettiere-della-fattoria","21":"product_tag-cassettiere-in-legno","22":"product_tag-comodino-a-credenza","23":"product_tag-credenza-bar-multimediale","24":"product_tag-credenza-bar-tv","25":"product_tag-mobile-in-legno-di-noce","26":"product_tag-mobile-tv-in-noce","27":"product_tag-mobili-antichi","28":"product_tag-mobili-nuovi-per-la-casa","29":"product_tag-mobili-per-la-casa-nuova","30":"product_tag-noce-it","31":"product_tag-originale","32":"product_tag-ottone-it","33":"product_tag-restaurata","34":"product_tag-ribalta-con-cassetti","35":"product_tag-scrivania-in-legno","36":"product_tag-secretaire-a-cassetti","37":"product_tag-secretaire-vintage","39":"first","40":"instock","41":"sold-individually","42":"shipping-taxable","43":"purchasable","44":"product-type-simple"},"aioseo_notices":[],"_links":{"self":[{"href":"https:\/\/1solo.com\/en\/wp-json\/wp\/v2\/product\/14488","targetHints":{"allow":["GET"]}}],"collection":[{"href":"https:\/\/1solo.com\/en\/wp-json\/wp\/v2\/product"}],"about":[{"href":"https:\/\/1solo.com\/en\/wp-json\/wp\/v2\/types\/product"}],"replies":[{"embeddable":true,"href":"https:\/\/1solo.com\/en\/wp-json\/wp\/v2\/comments?post=14488"}],"wp:featuredmedia":[{"embeddable":true,"href":"https:\/\/1solo.com\/en\/wp-json\/wp\/v2\/media\/12898"}],"wp:attachment":[{"href":"https:\/\/1solo.com\/en\/wp-json\/wp\/v2\/media?parent=14488"}],"wp:term":[{"taxonomy":"product_brand","embeddable":true,"href":"https:\/\/1solo.com\/en\/wp-json\/wp\/v2\/product_brand?post=14488"},{"taxonomy":"product_cat","embeddable":true,"href":"https:\/\/1solo.com\/en\/wp-json\/wp\/v2\/product_cat?post=14488"},{"taxonomy":"product_tag","embeddable":true,"href":"https:\/\/1solo.com\/en\/wp-json\/wp\/v2\/product_tag?post=14488"}],"curies":[{"name":"wp","href":"https:\/\/api.w.org\/{rel}","templated":true}]}}