{"id":14631,"date":"2023-11-09T14:33:15","date_gmt":"2023-11-09T14:33:15","guid":{"rendered":"https:\/\/1solo.com\/product\/credenza-mid-century-con-specchio-mobile-bar-consolle-vittorio-dassi-cecchini\/"},"modified":"2024-01-30T17:08:58","modified_gmt":"2024-01-30T17:08:58","slug":"credenza-mid-century-con-specchio-mobile-bar-consolle-vittorio-dassi-cecchini","status":"publish","type":"product","link":"https:\/\/1solo.com\/en\/prodotto\/credenza-mid-century-con-specchio-mobile-bar-consolle-vittorio-dassi-cecchini\/","title":{"rendered":"Credenza mid-century con specchio | Mobile Bar Consolle Vittorio Dassi Cecchini"},"content":{"rendered":"<p><span style=\"color: #12262f;font-family: Montserrat, sans-serif;font-size: 14px;background-color: #f1f3f4\">Credenza con specchio dorato di Vittorio Dassi, Cecchini. <\/span><\/p>\n<p><span style=\"color: #12262f;font-family: Montserrat, sans-serif;font-size: 14px;background-color: #f1f3f4\">Realizzata con materiale pregiato e caratterizzata da un design curvo unico in legno duro e rifinito con dettagli in ottone. La credenza \u00e8 stata recentemente completamente restaurata ed \u00e8 ora in ottime condizioni d&#8217;epoca con lievi segni di usura coerenti con l&#8217;et\u00e0 e l&#8217;uso. Il marmo del ripiano \u00e8 in ottimo stato di conservazione. Questa credenza \u00e8 realizzata in legno pregiato di ottima qualit\u00e0, apprezzato per la sua resistenza e la sua lucentezza, la finitura in oro che incornicia lo specchio \u00e8 perfetta per aggiungere un tocco di lusso.<\/span><\/p>\n<p><span style=\"color: #12262f;font-family: Montserrat, sans-serif;font-size: 14px;background-color: #f1f3f4\">Dimensioni <\/span><\/p>\n<p><span style=\"color: #12262f;font-family: Montserrat, sans-serif;font-size: 14px;background-color: #f1f3f4\">lunghezza: 224 cm<\/span><\/p>\n<p><span style=\"color: #12262f;font-family: Montserrat, sans-serif;font-size: 14px;background-color: #f1f3f4\"> larghezza 46 cm<\/span><\/p>\n<p><span style=\"color: #12262f;font-family: Montserrat, sans-serif;font-size: 14px;background-color: #f1f3f4\"> altezza 180 cm<\/span><\/p>\n","protected":false},"excerpt":{"rendered":"<p><span style=\"color: #12262f;font-family: Montserrat, sans-serif;font-size: 14px;background-color: #f1f3f4\">Credenza con specchio dorato di Vittorio Dassi, Cecchini.<\/span><\/p>\n<p><span style=\"color: #12262f;font-family: Montserrat, sans-serif;font-size: 14px;background-color: #f1f3f4\">Realizzata con materiale pregiato e caratterizzata da un design curvo unico in legno duro e rifinito con dettagli in ottone. La credenza \u00e8 stata recentemente completamente restaurata ed \u00e8 ora in ottime condizioni d&#8217;epoca con lievi segni di usura coerenti con l&#8217;et\u00e0 e l&#8217;uso. Il marmo del ripiano \u00e8 in ottimo stato di conservazione. Questa credenza \u00e8 realizzata in legno pregiato di ottima qualit\u00e0, apprezzato per la sua resistenza e la sua lucentezza, la finitura in oro che incornicia lo specchio \u00e8 perfetta per aggiungere un tocco di lusso.<\/span><\/p>\n","protected":false},"featured_media":13463,"comment_status":"open","ping_status":"closed","template":"","meta":[],"product_brand":[],"product_cat":[182],"product_tag":[3078,3108,3109,2497,3018,3019,3047,3022,3024,3025,3350,3041,3042,3351,3341,3034,2994,3035,2995,3044,644,3037,1487,2635,3038],"class_list":{"0":"post-14631","1":"product","2":"type-product","3":"status-publish","4":"has-post-thumbnail","6":"product_cat-libri-antichi-libri-rari-prime-edizioni-introvabili-su-1solo","7":"product_tag-4-cassetti","8":"product_tag-anni-50-2","9":"product_tag-anni-60-2","10":"product_tag-cassettiera-it","11":"product_tag-cassettiera-antica","12":"product_tag-cassettiera-in-legno","13":"product_tag-cassettiera-moderna","14":"product_tag-cassettiera-multimediale","15":"product_tag-cassettiera-segreta","16":"product_tag-cassettiera-vintage","17":"product_tag-credenza-anni-50","18":"product_tag-credenza-bar-multimediale","19":"product_tag-credenza-bar-tv","20":"product_tag-credenza-mid-century-modern","21":"product_tag-mobile-con-specchio","22":"product_tag-mobili-antichi","23":"product_tag-mobili-da-pranzo","24":"product_tag-mobili-nuovi-per-la-casa","25":"product_tag-mobili-per-la-casa-nuova","26":"product_tag-mobili-per-sala-studio","27":"product_tag-modernariato","28":"product_tag-originale","29":"product_tag-ottone-it","30":"product_tag-palissandro-it","31":"product_tag-restaurata","33":"first","34":"outofstock","35":"sold-individually","36":"shipping-taxable","37":"purchasable","38":"product-type-simple"},"aioseo_notices":[],"_links":{"self":[{"href":"https:\/\/1solo.com\/en\/wp-json\/wp\/v2\/product\/14631","targetHints":{"allow":["GET"]}}],"collection":[{"href":"https:\/\/1solo.com\/en\/wp-json\/wp\/v2\/product"}],"about":[{"href":"https:\/\/1solo.com\/en\/wp-json\/wp\/v2\/types\/product"}],"replies":[{"embeddable":true,"href":"https:\/\/1solo.com\/en\/wp-json\/wp\/v2\/comments?post=14631"}],"wp:featuredmedia":[{"embeddable":true,"href":"https:\/\/1solo.com\/en\/wp-json\/wp\/v2\/media\/13463"}],"wp:attachment":[{"href":"https:\/\/1solo.com\/en\/wp-json\/wp\/v2\/media?parent=14631"}],"wp:term":[{"taxonomy":"product_brand","embeddable":true,"href":"https:\/\/1solo.com\/en\/wp-json\/wp\/v2\/product_brand?post=14631"},{"taxonomy":"product_cat","embeddable":true,"href":"https:\/\/1solo.com\/en\/wp-json\/wp\/v2\/product_cat?post=14631"},{"taxonomy":"product_tag","embeddable":true,"href":"https:\/\/1solo.com\/en\/wp-json\/wp\/v2\/product_tag?post=14631"}],"curies":[{"name":"wp","href":"https:\/\/api.w.org\/{rel}","templated":true}]}}