{"id":8012,"date":"2023-10-04T17:40:49","date_gmt":"2023-10-04T17:40:49","guid":{"rendered":"https:\/\/1solo.com\/?post_type=product&#038;p=8012"},"modified":"2023-11-04T23:44:44","modified_gmt":"2023-11-04T23:44:44","slug":"sacra-di-san-michele-franco-maria-ricci-editore-collana-grand-tour2","status":"publish","type":"product","link":"https:\/\/1solo.com\/en\/product\/sacra-di-san-michele-franco-maria-ricci-editore-collana-grand-tour2\/","title":{"rendered":"Sacra di San Michele &#8211; Franco Maria Ricci Editore &#8211; Collana Grand Tour2"},"content":{"rendered":"<h2><strong>Sacra di San Michele &#8211; Franco Maria Ricci Editore &#8211; Libro Illustrato della Collana Grand Tour2 &#8211; Libro d&#8217;Arte<\/strong><\/h2>\n<p>Libro Illustrato sulla Sacra di San Michele &#8211; Franco Maria Ricci Editore &#8211; Condizioni perfette &#8211; Rilegato in seta con sovracoperta e cofanetto<br \/>\ncm 32 x 32 x 3 &#8211; Libro d&#8217;Arte.<\/p>\n<p>Fotografie di: <em>Pino Dell&#8217;Aquila<\/em><\/p>\n<figure id=\"attachment_9422\" aria-describedby=\"caption-attachment-9422\" style=\"width: 422px\" class=\"wp-caption alignleft\"><img loading=\"lazy\" decoding=\"async\" class=\"wp-image-9422\" src=\"https:\/\/1solo.com\/wp-content\/uploads\/2023\/10\/Libro-dArte-sulla-Sacra-di-San-Michele-Ricci-Editore.jpg\" alt=\"Libro d'Arte sulla Sacra di San Michele Franco Maria Ricci Editore\" width=\"422\" height=\"211\" srcset=\"https:\/\/1solo.com\/wp-content\/uploads\/2023\/10\/Libro-dArte-sulla-Sacra-di-San-Michele-Ricci-Editore.jpg 600w, https:\/\/1solo.com\/wp-content\/uploads\/2023\/10\/Libro-dArte-sulla-Sacra-di-San-Michele-Ricci-Editore-300x150.jpg 300w\" sizes=\"auto, (max-width: 422px) 100vw, 422px\" \/><figcaption id=\"caption-attachment-9422\" class=\"wp-caption-text\">Libro d&#8217;Arte sulla Sacra di San Michele Franco Maria Ricci Editore<\/figcaption><\/figure>\n<p><span style=\"color: #000000;\">I luoghi scoscesi attirano i santi. Fu cos\u00ec che verso il fatidico anno Mille un pio eremita, guidato dalla folgorante apparizione di san Michele, edific\u00f2 con mistico fervore, all&#8217;imbocco della Val di Susa, quello che \u00e8 oggi il monumento simbolo del monachesimo feudale: un&#8217;abbazia- fortezza del ferrigno Medioevo piemontese, ritta tra terra e cielo sopra una rupe prealpina, percorsa da ripide e scenografiche scalinate.<\/span><\/p>\n<p>&nbsp;<\/p>\n<p>&nbsp;<\/p>\n<p>&nbsp;<\/p>\n<p>&nbsp;<\/p>\n<p><span style=\"color: #000000;\">Secondo il National Geographic la Sacra di San Michele \u00e8 all 22\u00b0 posto tra i luoghi sacri pi\u00f9 suggestivi d&#8217;Europa (<span style=\"color: #0000ff;\"><a style=\"color: #0000ff;\" title=\"Sacra di San Michele - National Geographics\" href=\"https:\/\/www.laboratorioaltevalli.it\/blog\/valle-di-susa\/national-geographic-la-sacra-di-san-michele-e-tra-i-22-luoghi-sacri-piu\" target=\"_blank\" rel=\"noopener\"><span style=\"text-decoration: underline;\"><strong>QUI<\/strong><\/span><\/a><\/span> il link all&#8217;articolo).<\/span><\/p>\n<p><span style=\"color: #000000;\">La <strong>Sacra di San Michele<\/strong>, simbolo del Piemonte candidato\u00a0a Patrimonio dell\u2019Unesco, inserita\u00a0da Lonely Planet nelle destinazioni piemontesi da visitare assolutamente, \u00e8 inserita\u00a0tra<\/span><strong>\u00a0<a title=\"i 22 luoghi sacri pi\u00f9 suggestivi d\u2019Europa\" href=\"https:\/\/www.nationalgeographic.com\/travel\/destinations\/europe\/mystical-sites-europe\/?fbclid=IwAR3QYuMouwc5fIGb1DbC2rZViWZZTSke-Oi_lgVKaklHpdfLUTFyPHifX6M\" target=\"_blank\" rel=\"noopener\">i 22 luoghi sacri pi\u00f9 suggestivi d\u2019Europa<\/a><\/strong>\u00a0<span style=\"color: #000000;\">secondo\u00a0<strong>National Geographic<\/strong>, rivista statunitense che conta pi\u00f9 di 50 milioni di lettori.\u00a0<\/span><\/p>\n<p><span style=\"color: #000000;\">Cos\u00ec la presenta il prestigioso sito:\u00a0<em>\u201cQuesta storica abbazia, costruita nel decimo secolo sulla cima del Monte Pirchiriano, offre un\u2019ampissima vista su Torino e sulla Val di Susa, in Piemonte. La chiesa principale, risalente al dodicesimo\u00a0secolo, fu l\u2019ultima dimora di Casa Savoia, una delle pi\u00f9 antiche\u00a0dinastie reali del mondo\u201d .<\/em><\/span><\/p>\n<figure id=\"attachment_9425\" aria-describedby=\"caption-attachment-9425\" style=\"width: 600px\" class=\"wp-caption alignnone\"><img loading=\"lazy\" decoding=\"async\" class=\"size-full wp-image-9425\" src=\"https:\/\/1solo.com\/wp-content\/uploads\/2023\/10\/Sacra_di_San_Michele.jpg\" alt=\"Libro dArte sulla Sacra di San Michele Ricci Editore\" width=\"600\" height=\"300\" srcset=\"https:\/\/1solo.com\/wp-content\/uploads\/2023\/10\/Sacra_di_San_Michele.jpg 600w, https:\/\/1solo.com\/wp-content\/uploads\/2023\/10\/Sacra_di_San_Michele-300x150.jpg 300w\" sizes=\"auto, (max-width: 600px) 100vw, 600px\" \/><figcaption id=\"caption-attachment-9425\" class=\"wp-caption-text\">La Sacra di San Michele avvolta dalle nuvole della Bassa Val di Susa alle porte di Torino<\/figcaption><\/figure>\n<p>Puoi trovare tutti i nostri prodotti e qualche altro libro d\u2019arte sul <a href=\"https:\/\/1solo.com\/store\/anticando\/\"><strong>nostro shop<\/strong><\/a> su 1Solo.com.<\/p>\n","protected":false},"excerpt":{"rendered":"<p>Sacra di San Michele &#8211; Franco Maria Ricci Editore &#8211; Libro Illustrato della Collana Grand Tour2 &#8211; Libro d&#8217;Arte Libro Illustrato sulla Sacra di San Michele &#8211; Franco Maria Ricci Editore &#8211; Condizioni perfette &#8211; Rilegato in seta con sovracoperta e cofanetto cm 32 x 32 x 3 &#8211; Libro d&#8217;Arte. Fotografie di: Pino Dell&#8217;Aquila&nbsp;[&#8230;]\n","protected":false},"featured_media":8025,"comment_status":"open","ping_status":"closed","template":"","meta":[],"product_brand":[],"product_cat":[16,406,410],"product_tag":[1370,2785,1373,2788,2787,2789,2786,723,2790],"class_list":{"0":"post-8012","1":"product","2":"type-product","3":"status-publish","4":"has-post-thumbnail","6":"product_cat-rare-book-old-books-and-first-editions-book","7":"product_cat-used-illustrated-books-old-illustration-book","8":"product_cat-photography-books-photographers-used-books","9":"product_tag-fmr-franco-maria-ricci-libro-fotografico","10":"product_tag-franco-maria-ricci","11":"product_tag-libro-darte","12":"product_tag-libro-fotografico","13":"product_tag-libro-illustrato","14":"product_tag-national-geographic","15":"product_tag-sacra-di-san-michele","16":"product_tag-torino","17":"product_tag-unesco","19":"first","20":"instock","21":"sale","22":"shipping-taxable","23":"purchasable","24":"product-type-simple"},"aioseo_notices":[],"_links":{"self":[{"href":"https:\/\/1solo.com\/en\/wp-json\/wp\/v2\/product\/8012","targetHints":{"allow":["GET"]}}],"collection":[{"href":"https:\/\/1solo.com\/en\/wp-json\/wp\/v2\/product"}],"about":[{"href":"https:\/\/1solo.com\/en\/wp-json\/wp\/v2\/types\/product"}],"replies":[{"embeddable":true,"href":"https:\/\/1solo.com\/en\/wp-json\/wp\/v2\/comments?post=8012"}],"wp:featuredmedia":[{"embeddable":true,"href":"https:\/\/1solo.com\/en\/wp-json\/wp\/v2\/media\/8025"}],"wp:attachment":[{"href":"https:\/\/1solo.com\/en\/wp-json\/wp\/v2\/media?parent=8012"}],"wp:term":[{"taxonomy":"product_brand","embeddable":true,"href":"https:\/\/1solo.com\/en\/wp-json\/wp\/v2\/product_brand?post=8012"},{"taxonomy":"product_cat","embeddable":true,"href":"https:\/\/1solo.com\/en\/wp-json\/wp\/v2\/product_cat?post=8012"},{"taxonomy":"product_tag","embeddable":true,"href":"https:\/\/1solo.com\/en\/wp-json\/wp\/v2\/product_tag?post=8012"}],"curies":[{"name":"wp","href":"https:\/\/api.w.org\/{rel}","templated":true}]}}