{"id":15283,"date":"2024-01-30T17:25:52","date_gmt":"2024-01-30T17:25:52","guid":{"rendered":"https:\/\/1solo.com\/product\/scrivania-a-ribalta-xviii-secolo\/"},"modified":"2024-01-30T17:25:52","modified_gmt":"2024-01-30T17:25:52","slug":"scrivania-a-ribalta-xviii-secolo","status":"publish","type":"product","link":"https:\/\/1solo.com\/fr\/prodotto\/scrivania-a-ribalta-xviii-secolo\/","title":{"rendered":"Scrivania a ribalta, XVIII secolo"},"content":{"rendered":"<p><span>scrittoio a ribalta del XVIII secolo<\/span><\/p>\n<p><span>Oggetto: Scrittoio con ribalta<\/span><br \/><span>Periodo: XVIII secolo<\/span><\/p>\n<p><span>Origine: Italia<\/span><\/p>\n<p><span>Descrizione:<\/span><\/p>\n<p><span>Il mobile \u00e8 un raro esempio di scrittoio del XVII-XVIII secolo. Va considerato cos\u00ec com&#8217;\u00e8, con i segni del tempo e dell&#8217;uso passato.<\/span><\/p>\n<p><span>Restauro<\/span><\/p>\n<p><span>Diversi i restauri che lo hanno caratterizzato. Nel nostro caso abbiamo proceduto solo a una pulitura che restituisse vigore alla vecchia verniciatura e alla patinatura.<\/span><\/p>\n<p><span>Dimensioni della falda:<\/span><\/p>\n<p><span>Lunghezza: 92 cm<\/span><br \/><span>Larghezza: 55 cm<\/span><br \/><span>Altezza: 97 cm<\/span><\/p>\n","protected":false},"excerpt":{"rendered":"<p>Scrittoio a ribalta del XVIII secolo Scrittoio con ribalta XVIII secolo Italia Il mobile \u00e8 un raro esempio di scrittoio del XVII-XVIII secolo. Va considerato cos\u00ec com\u2019\u00e8, con i.<\/p>\n","protected":false},"featured_media":15280,"comment_status":"open","ping_status":"closed","template":"","meta":[],"product_brand":[],"product_cat":[16],"product_tag":[3018,3019,3020,3024,3025,3026,3027,3408,3411,3034,3035,2995,3044,2632,3037,3080,3038,3081,3082,3188,3070,3412,3116,3118,3119,2459,3104,3331,3332,3075,3069,3336],"class_list":{"0":"post-15283","1":"product","2":"type-product","3":"status-publish","4":"has-post-thumbnail","6":"product_cat-rare-book-old-books-and-first-editions-book","7":"product_tag-cassettiera-antica","8":"product_tag-cassettiera-in-legno","9":"product_tag-cassettiera-in-legno-di-noce","10":"product_tag-cassettiera-segreta","11":"product_tag-cassettiera-vintage","12":"product_tag-cassettiere-della-fattoria","13":"product_tag-cassettiere-in-legno","14":"product_tag-dario-raia-antiquariato-modernariato-vintage","15":"product_tag-medium-brown-walnut","16":"product_tag-mobili-antichi","17":"product_tag-mobili-nuovi-per-la-casa","18":"product_tag-mobili-per-la-casa-nuova","19":"product_tag-mobili-per-sala-studio","20":"product_tag-noce-it","21":"product_tag-originale","22":"product_tag-radica-di-noce","23":"product_tag-restaurata","24":"product_tag-ribalta-con-cassetti","25":"product_tag-ribalta-in-noce","26":"product_tag-scrittoio-it","27":"product_tag-scrivania-in-legno","28":"product_tag-scrivanie-e-scrittoi","29":"product_tag-secretaire-a-cassetti","30":"product_tag-secretaire-intarsiato","31":"product_tag-secretaire-vintage","32":"product_tag-tavolini-it","33":"product_tag-tavolino-in-legno","34":"product_tag-tavolo-antico","35":"product_tag-tavolo-in-legno-massello","36":"product_tag-tavolo-in-legno-restaurato","37":"product_tag-tavolo-in-legno-vintage","38":"product_tag-tavolo-in-noce","40":"first","41":"instock","42":"sale","43":"shipping-taxable","44":"purchasable","45":"product-type-simple"},"aioseo_notices":[],"_links":{"self":[{"href":"https:\/\/1solo.com\/fr\/wp-json\/wp\/v2\/product\/15283","targetHints":{"allow":["GET"]}}],"collection":[{"href":"https:\/\/1solo.com\/fr\/wp-json\/wp\/v2\/product"}],"about":[{"href":"https:\/\/1solo.com\/fr\/wp-json\/wp\/v2\/types\/product"}],"replies":[{"embeddable":true,"href":"https:\/\/1solo.com\/fr\/wp-json\/wp\/v2\/comments?post=15283"}],"wp:featuredmedia":[{"embeddable":true,"href":"https:\/\/1solo.com\/fr\/wp-json\/wp\/v2\/media\/15280"}],"wp:attachment":[{"href":"https:\/\/1solo.com\/fr\/wp-json\/wp\/v2\/media?parent=15283"}],"wp:term":[{"taxonomy":"product_brand","embeddable":true,"href":"https:\/\/1solo.com\/fr\/wp-json\/wp\/v2\/product_brand?post=15283"},{"taxonomy":"product_cat","embeddable":true,"href":"https:\/\/1solo.com\/fr\/wp-json\/wp\/v2\/product_cat?post=15283"},{"taxonomy":"product_tag","embeddable":true,"href":"https:\/\/1solo.com\/fr\/wp-json\/wp\/v2\/product_tag?post=15283"}],"curies":[{"name":"wp","href":"https:\/\/api.w.org\/{rel}","templated":true}]}}