{"id":2215,"date":"2023-03-14T09:33:08","date_gmt":"2023-03-14T09:33:08","guid":{"rendered":"https:\/\/1solo.com\/product\/basic-professionals\/"},"modified":"2023-11-02T10:48:04","modified_gmt":"2023-11-02T10:48:04","slug":"abonnement-de-base","status":"publish","type":"product","link":"https:\/\/1solo.com\/fr\/produit\/abonnement-de-base\/","title":{"rendered":"BASIC PROFESSIONALS (100 Vendeurs)"},"content":{"rendered":"<p style=\"text-align: center;\"><strong>CO\u00dbTS<\/strong><\/p>\n<p style=\"text-align: left; color: red;\"><strong>PREMIER PAIEMENT DE 29,90 \u20ac (INSCRIPTION + 1er MOIS), \u00c0 PARTIR DU 2\u00e8me MOIS 19,90 \u20ac PAR MOIS<\/strong><\/p>\n<p style=\"text-align: left;\"><strong>INSCRIPTION = \u20ac10.00<\/strong><\/p>\n<p style=\"text-align: left;\"><strong>ABONNEMENT MENSUEL = \u20ac19.90<\/strong> \u00e0 partir du 2<sup>\u00e8me<\/sup> mois<\/p>\n<p style=\"text-align: left;\"><strong>COMMISSION SUR VENTES = 1,00 \u20ac fixe sur chaque vente + 15% de frais de commission <\/strong>(hors frais de carte de cr\u00e9dit, Stripe, PayPal, etc)<\/p>\n<p>&nbsp;<\/p>\n<p style=\"text-align: center;\"><strong>Les fonctionnalit\u00e9s des magasins de base 1Solo.com comprennent:<\/strong><\/p>\n<ul style=\"text-align: left;\">\n<li style=\"text-align: left;\">produits illimit\u00e9s<\/li>\n<li style=\"text-align: left;\">adresse et possibilit\u00e9 de contact direct avec les clients<\/li>\n<li style=\"text-align: left;\">page boutique personnalisable<\/li>\n<li style=\"text-align: left;\">assistance et support pour la configuration du magasin<\/li>\n<li style=\"text-align: left;\">autocollant de vitrine pour l&#8217;activit\u00e9<\/li>\n<li style=\"text-align: left;\">possibilit\u00e9, sur demande, d&#8217;activer des fonctions suppl\u00e9mentaires pour l&#8217;optimisation de votre magasin pour augmenter la possibilit\u00e9 que les produits du magasin apparaissent en t\u00eate des moteurs de recherche avec des interventions directes de l&#8217;\u00e9quipe 1Solo.com<\/li>\n<\/ul>\n","protected":false},"excerpt":{"rendered":"<p>CO\u00dbTS PREMIER PAIEMENT DE 29,90 \u20ac (INSCRIPTION + 1er MOIS), \u00c0 PARTIR DU 2\u00e8me MOIS 19,90 \u20ac PAR MOIS INSCRIPTION = \u20ac10.00 ABONNEMENT MENSUEL = \u20ac19.90 \u00e0 partir du 2\u00e8me mois COMMISSION SUR VENTES = 1,00 \u20ac fixe sur chaque vente + 15% de frais de commission (hors frais de carte de cr\u00e9dit, Stripe, PayPal,&nbsp;[&#8230;]\n","protected":false},"featured_media":2231,"comment_status":"open","ping_status":"closed","template":"","meta":[],"product_brand":[],"product_cat":[635],"product_tag":[],"class_list":{"0":"post-2215","1":"product","2":"type-product","3":"status-publish","4":"has-post-thumbnail","6":"product_cat-shop-subscriptions-fr","8":"first","9":"instock","10":"virtual","11":"sold-individually","12":"purchasable","13":"product-type-product_pack"},"aioseo_notices":[],"_links":{"self":[{"href":"https:\/\/1solo.com\/fr\/wp-json\/wp\/v2\/product\/2215","targetHints":{"allow":["GET"]}}],"collection":[{"href":"https:\/\/1solo.com\/fr\/wp-json\/wp\/v2\/product"}],"about":[{"href":"https:\/\/1solo.com\/fr\/wp-json\/wp\/v2\/types\/product"}],"replies":[{"embeddable":true,"href":"https:\/\/1solo.com\/fr\/wp-json\/wp\/v2\/comments?post=2215"}],"wp:featuredmedia":[{"embeddable":true,"href":"https:\/\/1solo.com\/fr\/wp-json\/wp\/v2\/media\/2231"}],"wp:attachment":[{"href":"https:\/\/1solo.com\/fr\/wp-json\/wp\/v2\/media?parent=2215"}],"wp:term":[{"taxonomy":"product_brand","embeddable":true,"href":"https:\/\/1solo.com\/fr\/wp-json\/wp\/v2\/product_brand?post=2215"},{"taxonomy":"product_cat","embeddable":true,"href":"https:\/\/1solo.com\/fr\/wp-json\/wp\/v2\/product_cat?post=2215"},{"taxonomy":"product_tag","embeddable":true,"href":"https:\/\/1solo.com\/fr\/wp-json\/wp\/v2\/product_tag?post=2215"}],"curies":[{"name":"wp","href":"https:\/\/api.w.org\/{rel}","templated":true}]}}